{"id":75,"date":"2013-08-05T14:08:05","date_gmt":"2013-08-05T12:08:05","guid":{"rendered":"http:\/\/www.luebecker-gitarrentrio.de\/wordpress\/?page_id=75"},"modified":"2013-08-05T14:08:05","modified_gmt":"2013-08-05T12:08:05","slug":"mirco-oldigs","status":"publish","type":"page","link":"http:\/\/luebecker-gitarrentrio.de\/?page_id=75","title":{"rendered":"Mirco Oldigs"},"content":{"rendered":"<p><a href=\"http:\/\/www.luebecker-gitarrentrio.de\/wp-content\/uploads\/mirco.jpg\"><img loading=\"lazy\" decoding=\"async\" src=\"http:\/\/www.luebecker-gitarrentrio.de\/wp-content\/uploads\/mirco-300x227.jpg\" alt=\"mirco\" width=\"300\" height=\"227\" class=\"alignnone size-medium wp-image-76\" \/><\/a><\/p>\n<p>Mirco Oldigs, geboren 1975, studierte an der Musikhochschule L\u00fcbeck in den Studieng\u00e4ngen \u201eSchulmusik\u201c, \u201eInstrumentalp\u00e4dagogik\u201c und \u201eK\u00fcnstlerische Ausbildung\u201c mit dem Hauptfach \u201eKonzertgitarre\u201c  bei Prof. Albert Aigner.<\/p>\n<p>Im Rahmen zahlreicher Meisterkurse, u. a. bei Carlos Bonell, Manuel Barrueco und Pepe Romero, erhielt er weitergehende k\u00fcnstlerische Anregungen.<br \/>\n\u00dcber seine internationale Konzertt\u00e4tigkeit (u. a. in \u00d6sterreich, Ungarn, England, Mexiko, Spanien und Norwegen) hinaus wirkte er auch bei diversen Rundfunk- und Fernsehproduktionen (u. a. des NDR) mit.<\/p>\n<p>Mirco Oldigs verf\u00fcgt \u00fcber ein \u00e4u\u00dferst breites, facettenreiches Repertoire, welches Werke aller Stile und Epochen von der Renaissance bis zur Neuen Musik umfasst. Sowohl Publikum als auch Kritik loben die ungew\u00f6hnliche Vielseitigkeit seines Ausdrucksspektrums und die verbl\u00fcffende Wandlungsf\u00e4higkeit der Klangerzeugung. Sein Hauptinteresse als Komponist gilt der Synthese unterschiedlichster musikalischer Erscheinungsformen.<\/p>\n<p>2003 erschien bei \u201eambitus\u201c seine erste Solo-CD \u201eNightshade Rounds\u201c mit Werken unterschiedlichster Stilrichtungen neuer Konzertgitarrenmusik. Die 2010 ver\u00f6ffentlichte CD \u201eImaginationen\u201c (mit dem L\u00fcbecker Gitarrentrio) enth\u00e4lt gr\u00f6\u00dftenteils eigene Kompositionen.<br \/>\n2012 erschien das von Georg Winter verfasste H\u00f6rbuch &#8222;Von Hamburgern und Humbugern&#8220; mit Uwe Friedrichsen als Sprecher, zu dem Mirco Oldigs die Musik arrangierte, komponierte und einspielte.<\/p>\n<p><a href=\"http:\/\/www.mirco-oldigs.com\" target=\"_blank\">www.mirco-oldigs.com<\/a><\/p>\n","protected":false},"excerpt":{"rendered":"<p>Mirco Oldigs, geboren 1975, studierte an der Musikhochschule L\u00fcbeck in den Studieng\u00e4ngen \u201eSchulmusik\u201c, \u201eInstrumentalp\u00e4dagogik\u201c und \u201eK\u00fcnstlerische Ausbildung\u201c mit dem Hauptfach \u201eKonzertgitarre\u201c bei Prof. Albert Aigner. Im Rahmen zahlreicher Meisterkurse, u. a. bei Carlos Bonell, Manuel Barrueco und Pepe Romero, erhielt er weitergehende k\u00fcnstlerische Anregungen. \u00dcber seine internationale Konzertt\u00e4tigkeit (u. a. \u2026 <a class=\"continue-reading-link\" href=\"http:\/\/luebecker-gitarrentrio.de\/?page_id=75\"> Continue reading <span class=\"meta-nav\">&rarr; <\/span><\/a><\/p>\n","protected":false},"author":1,"featured_media":0,"parent":62,"menu_order":0,"comment_status":"closed","ping_status":"closed","template":"","meta":{"footnotes":""},"class_list":["post-75","page","type-page","status-publish","hentry"],"_links":{"self":[{"href":"http:\/\/luebecker-gitarrentrio.de\/index.php?rest_route=\/wp\/v2\/pages\/75","targetHints":{"allow":["GET"]}}],"collection":[{"href":"http:\/\/luebecker-gitarrentrio.de\/index.php?rest_route=\/wp\/v2\/pages"}],"about":[{"href":"http:\/\/luebecker-gitarrentrio.de\/index.php?rest_route=\/wp\/v2\/types\/page"}],"author":[{"embeddable":true,"href":"http:\/\/luebecker-gitarrentrio.de\/index.php?rest_route=\/wp\/v2\/users\/1"}],"replies":[{"embeddable":true,"href":"http:\/\/luebecker-gitarrentrio.de\/index.php?rest_route=%2Fwp%2Fv2%2Fcomments&post=75"}],"version-history":[{"count":0,"href":"http:\/\/luebecker-gitarrentrio.de\/index.php?rest_route=\/wp\/v2\/pages\/75\/revisions"}],"up":[{"embeddable":true,"href":"http:\/\/luebecker-gitarrentrio.de\/index.php?rest_route=\/wp\/v2\/pages\/62"}],"wp:attachment":[{"href":"http:\/\/luebecker-gitarrentrio.de\/index.php?rest_route=%2Fwp%2Fv2%2Fmedia&parent=75"}],"curies":[{"name":"wp","href":"https:\/\/api.w.org\/{rel}","templated":true}]}}