{"id":62,"date":"2013-08-04T13:46:49","date_gmt":"2013-08-04T11:46:49","guid":{"rendered":"http:\/\/www.luebecker-gitarrentrio.de\/wordpress\/?page_id=62"},"modified":"2023-01-15T20:02:02","modified_gmt":"2023-01-15T18:02:02","slug":"portrait-2","status":"publish","type":"page","link":"http:\/\/luebecker-gitarrentrio.de\/?page_id=62","title":{"rendered":"Portrait"},"content":{"rendered":"<p>Mirco Oldigs, Tim Martina Sch\u00e4ffer und Christoph Schmidt: ein seit 13 Jahren bestehendes Trio, das seine Faszination sowohl aus den individuellen St\u00e4rken als auch aus dem innigen Zusammenspiel der drei Pers\u00f6nlichkeiten bezieht. Originalit\u00e4t, Brillianz und Spielfreude verschmelzen im Trio zu einem Musikgenuss auf h\u00f6chstem Niveau. Das vielseitige Repertoire reicht von anspruchsvollsten Werken Johann Sebastian Bachs bis hin zu spanischen und jazzigen Rhythmen.<\/p>\n<p><img loading=\"lazy\" decoding=\"async\" class=\"alignnone size-medium wp-image-215\" style=\"font-size: 12px; line-height: 18px;\" src=\"http:\/\/www.luebecker-gitarrentrio.de\/wp-content\/uploads\/PICT1952-300x225.jpg\" alt=\"MINOLTA DIGITAL CAMERA\" width=\"300\" height=\"225\" \/><\/p>\n<p>Dass zeitgen\u00f6ssische Musik nicht nur harmonisch klingen, sondern auch Zeit und Raum zum Stillstand und die Seele zum Schwingen bringen kann, erleben Sie mit Mirco Oldigs\u00b4 sph\u00e4rischen Eigenkompositionen. Titel wie \u201eImaginationen\u201c, \u201eImpulse\u201c oder \u201eSph\u00e4ren\u201c spiegeln ihren intuitiven Ursprung wider. \u201eImaginationen\u201c lautet auch der Titel der 2009 erschienenen CD, die die Odissi-T\u00e4nzerin Vera-Viktoria Szirmay zu innovativen Choreographien hingerissen hat. Das Crossover-Projekt \u201eTempel-Imaginationen\u201c r\u00fcckt jahrtausende alten indischen Tempeltanz ins Licht der Gegenwart und verbindet das bewegte Spiel des L\u00fcbecker Gitarrentrios mit einer virtuos-exotischen Tanzperformance.<\/p>\n<p><a style=\"color: #ff4b33; line-height: 24px;\" href=\"http:\/\/www.luebecker-gitarrentrio.de\/wp-content\/uploads\/odissi.jpg\"><img loading=\"lazy\" decoding=\"async\" class=\"alignnone size-medium wp-image-217\" src=\"http:\/\/www.luebecker-gitarrentrio.de\/wp-content\/uploads\/odissi-300x211.jpg\" alt=\"odissi\" width=\"300\" height=\"211\" \/><\/a><\/p>\n<p>Ber\u00fchrende Augenblicke, h\u00f6rbare Gef\u00fchle und das Spiel mit den Farben der Kl\u00e4nge &#8211; lassen Sie sich verzaubern und genie\u00dfen Sie einen Konzertabend mit dem L\u00fcbecker Gitarrentrio!<\/p>\n","protected":false},"excerpt":{"rendered":"<p>Mirco Oldigs, Tim Martina Sch\u00e4ffer und Christoph Schmidt: ein seit 13 Jahren bestehendes Trio, das seine Faszination sowohl aus den individuellen St\u00e4rken als auch aus dem innigen Zusammenspiel der drei Pers\u00f6nlichkeiten bezieht. Originalit\u00e4t, Brillianz und Spielfreude verschmelzen im Trio zu einem Musikgenuss auf h\u00f6chstem Niveau. Das vielseitige Repertoire reicht von \u2026 <a class=\"continue-reading-link\" href=\"http:\/\/luebecker-gitarrentrio.de\/?page_id=62\"> Continue reading <span class=\"meta-nav\">&rarr; <\/span><\/a><\/p>\n","protected":false},"author":1,"featured_media":0,"parent":0,"menu_order":0,"comment_status":"closed","ping_status":"closed","template":"","meta":{"footnotes":""},"class_list":["post-62","page","type-page","status-publish","hentry"],"_links":{"self":[{"href":"http:\/\/luebecker-gitarrentrio.de\/index.php?rest_route=\/wp\/v2\/pages\/62","targetHints":{"allow":["GET"]}}],"collection":[{"href":"http:\/\/luebecker-gitarrentrio.de\/index.php?rest_route=\/wp\/v2\/pages"}],"about":[{"href":"http:\/\/luebecker-gitarrentrio.de\/index.php?rest_route=\/wp\/v2\/types\/page"}],"author":[{"embeddable":true,"href":"http:\/\/luebecker-gitarrentrio.de\/index.php?rest_route=\/wp\/v2\/users\/1"}],"replies":[{"embeddable":true,"href":"http:\/\/luebecker-gitarrentrio.de\/index.php?rest_route=%2Fwp%2Fv2%2Fcomments&post=62"}],"version-history":[{"count":1,"href":"http:\/\/luebecker-gitarrentrio.de\/index.php?rest_route=\/wp\/v2\/pages\/62\/revisions"}],"predecessor-version":[{"id":542,"href":"http:\/\/luebecker-gitarrentrio.de\/index.php?rest_route=\/wp\/v2\/pages\/62\/revisions\/542"}],"wp:attachment":[{"href":"http:\/\/luebecker-gitarrentrio.de\/index.php?rest_route=%2Fwp%2Fv2%2Fmedia&parent=62"}],"curies":[{"name":"wp","href":"https:\/\/api.w.org\/{rel}","templated":true}]}}